{"id":230,"date":"2013-05-01T22:38:23","date_gmt":"2013-05-01T21:38:23","guid":{"rendered":"https:\/\/localhost:8888\/?page_id=230"},"modified":"2024-04-01T16:38:23","modified_gmt":"2024-04-01T14:38:23","slug":"consultation-osteopathie","status":"publish","type":"page","link":"https:\/\/pes-hautesalpes.fr\/gap\/consultation-osteopathie\/","title":{"rendered":"D\u00e9roulement d&rsquo;une consultation"},"content":{"rendered":"<p><div class=\"fusion-fullwidth fullwidth-box fusion-builder-row-1 nonhundred-percent-fullwidth non-hundred-percent-height-scrolling\" style=\"--awb-border-radius-top-left:0px;--awb-border-radius-top-right:0px;--awb-border-radius-bottom-right:0px;--awb-border-radius-bottom-left:0px;--awb-flex-wrap:wrap;\" ><div class=\"fusion-builder-row fusion-row\"><div class=\"fusion-layout-column fusion_builder_column fusion-builder-column-0 fusion_builder_column_1_1 1_1 fusion-one-full fusion-column-first fusion-column-last\" style=\"--awb-bg-size:cover;\"><div class=\"fusion-column-wrapper fusion-flex-column-wrapper-legacy\"><div class=\"fusion-title title fusion-title-1 fusion-title-center fusion-title-text fusion-title-size-one\" style=\"--awb-margin-top-small:10px;--awb-margin-right-small:0px;--awb-margin-bottom-small:10px;--awb-margin-left-small:0px;\"><div class=\"title-sep-container title-sep-container-left\"><div class=\"title-sep sep-double sep-solid\" style=\"border-color:#e0dede;\"><\/div><\/div><span class=\"awb-title-spacer\"><\/span><h1 class=\"fusion-title-heading title-heading-center fusion-responsive-typography-calculated\" style=\"margin:0;--fontSize:34;line-height:1.41;\">La Consultation Ost\u00e9opathique<\/h1><span class=\"awb-title-spacer\"><\/span><div class=\"title-sep-container title-sep-container-right\"><div class=\"title-sep sep-double sep-solid\" style=\"border-color:#e0dede;\"><\/div><\/div><\/div><div class=\"fusion-text fusion-text-1\"><p style=\"text-align: justify;\">Lors d&rsquo;une s\u00e9ance d&rsquo;ost\u00e9opathie, votre praticien commencera par effectuer une \u00e9valuation approfondie de votre sant\u00e9, en prenant en compte vos ant\u00e9c\u00e9dents m\u00e9dicaux, vos sympt\u00f4mes actuels et vos objectifs de traitement. Ensuite, \u00e0 l&rsquo;aide de techniques manuelles pr\u00e9cises, l&rsquo;ost\u00e9opathe travaillera pour identifier et corriger les d\u00e9s\u00e9quilibres dans votre corps. Ces techniques peuvent inclure :<\/p>\n<ul style=\"text-align: justify;\">\n<li><b>Manipulations articulaires<\/b> pour restaurer la mobilit\u00e9 des articulations<\/li>\n<li><b>\u00c9tirements musculaires<\/b> pour soulager la tension et am\u00e9liorer la flexibilit\u00e9<\/li>\n<li><b>Techniques de rel\u00e2chement myo-fascial et mobilisation douce<\/b> pour lib\u00e9rer les tensions dans les diff\u00e9rents tissus.<\/li>\n<li><b>Techniques cr\u00e2niennes<\/b> pour r\u00e9tablir l&rsquo;\u00e9quilibre du syst\u00e8me nerveux central<\/li>\n<\/ul>\n<h3 style=\"text-align: justify;\"><b>Comment se d\u00e9roule une s\u00e9ance d&rsquo;ost\u00e9opathie ?<\/b><\/h3>\n<ul style=\"text-align: justify;\">\n<li><b> L&rsquo;entretien initial :<\/b> Lors de votre s\u00e9ance, votre ost\u00e9opathe commencera par vous poser des questions d\u00e9taill\u00e9es sur votre sant\u00e9, vos ant\u00e9c\u00e9dents m\u00e9dicaux et les sympt\u00f4mes que vous ressentez. Cela permettra \u00e0 l&rsquo;ost\u00e9opathe de comprendre votre situation dans sa globalit\u00e9.<\/li>\n<li><b> L&rsquo;examen physique :<\/b> Ensuite, l&rsquo;ost\u00e9opathe effectuera un examen physique en \u00e9valuant votre posture, votre mobilit\u00e9 et en effectuant des tests sp\u00e9cifiques pour identifier les zones de tension ou de restriction dans votre corps.<\/li>\n<li><b> Le traitement :<\/b> Une fois l&rsquo;\u00e9valuation termin\u00e9e, l&rsquo;ost\u00e9opathe utilisera une vari\u00e9t\u00e9 de techniques manuelles douces pour traiter les zones de dysfonctionnement identifi\u00e9es. Ces techniques peuvent inclure des manipulations articulaires, des \u00e9tirements musculaires, des techniques de rel\u00e2chement myofascial, etc.<\/li>\n<li><b> Les conseils et exercices :<\/b> Enfin, votre ost\u00e9opathe pourra vous donner des conseils personnalis\u00e9s sur la posture, l&rsquo;ergonomie, l&rsquo;exercice et d&rsquo;autres strat\u00e9gies pour favoriser la gu\u00e9rison et pr\u00e9venir les r\u00e9cidives. L\u2019utilisation et les conseils de certaines huiles essentielles pourront venir \u00e9toffer votre prise en charge, vous permettant alors une continuit\u00e9 du soin \u00e0 votre domicile.<span class=\"Apple-converted-space\">\u00a0<\/span><\/li>\n<\/ul>\n<p style=\"text-align: justify;\">Au P\u00f4le Equilibre &amp; Sant\u00e9 de Gap, nous croyons fermement en l&rsquo;efficacit\u00e9 d&rsquo;une approche th\u00e9rapeutique int\u00e9grative pour le bien-\u00eatre de nos patients. C&rsquo;est pourquoi, lors de vos s\u00e9ances, votre praticien pourra associer l&rsquo;ost\u00e9opathie \u00e0 la m\u00e9decine traditionnelle chinoise. Des techniques \u00e9nerg\u00e9tiques douces et personnalis\u00e9es seront utilis\u00e9es en mettant particuli\u00e8rement l\u2019accent sur le travail des m\u00e9ridiens et des points d\u2019acupuncture. L\u2019objectif fondamental est de lib\u00e9rer les blocages de circulation et les perturbations des diff\u00e9rentes fonctions \u00e9nerg\u00e9tiques pouvant perturber la m\u00e9canique du corps.<\/p>\n<\/div><div class=\"fusion-title title fusion-title-2 fusion-title-center fusion-title-text fusion-title-size-one\" style=\"--awb-margin-top-small:10px;--awb-margin-right-small:0px;--awb-margin-bottom-small:10px;--awb-margin-left-small:0px;\"><div class=\"title-sep-container title-sep-container-left\"><div class=\"title-sep sep-double sep-solid\" style=\"border-color:#e0dede;\"><\/div><\/div><span class=\"awb-title-spacer\"><\/span><h1 class=\"fusion-title-heading title-heading-center fusion-responsive-typography-calculated\" style=\"margin:0;--fontSize:34;line-height:1.41;\">Honoraires \/ Remboursement<\/h1><span class=\"awb-title-spacer\"><\/span><div class=\"title-sep-container title-sep-container-right\"><div class=\"title-sep sep-double sep-solid\" style=\"border-color:#e0dede;\"><\/div><\/div><\/div><div class=\"fusion-text fusion-text-2\"><div class=\"fusion-text fusion-text-2\"><\/div>\n<div class=\"post-content\">\n<p>Consultation\u00a0<strong>au cabinet<\/strong>\u00a0: <strong>60\u20ac<\/strong><\/p>\n<p><em>Les soins ost\u00e9opathiques sont rembours\u00e9s par de nombreuses mutuelles. Renseignez\u00a0vous aupr\u00e8s de la v\u00f4tre (voir liste ci-dessous).<\/em><\/p>\n<p>Liste de mutuelles remboursant l\u2019Ost\u00e9opathie :\u00a0<\/p>\n<\/div><div class=\"fusion-button-wrapper fusion-aligncenter\"><a class=\"fusion-button button-flat fusion-button-default-size button-default fusion-button-default button-1 fusion-button-default-span fusion-button-default-type\" target=\"_blank\" rel=\"noopener noreferrer\" href=\"https:\/\/www.osteopathe-syndicat.fr\/mutuelle-osteopathie\"><i class=\" fa fa-info awb-button__icon awb-button__icon--default button-icon-left\" aria-hidden=\"true\"><\/i><span class=\"fusion-button-text awb-button__text awb-button__text--default\">Consulter les mutuelles<\/span><\/a><\/div><div class=\"fusion-clearfix\"><\/div><\/div><\/div><\/div><\/div><div class=\"fusion-fullwidth fullwidth-box fusion-builder-row-2 fusion-flex-container nonhundred-percent-fullwidth non-hundred-percent-height-scrolling\" style=\"--awb-border-radius-top-left:0px;--awb-border-radius-top-right:0px;--awb-border-radius-bottom-right:0px;--awb-border-radius-bottom-left:0px;--awb-flex-wrap:wrap;\" ><div class=\"fusion-builder-row fusion-row fusion-flex-align-items-flex-start fusion-flex-content-wrap\" style=\"max-width:1144px;margin-left: calc(-4% \/ 2 );margin-right: calc(-4% \/ 2 );\"><div class=\"fusion-layout-column fusion_builder_column fusion-builder-column-1 fusion_builder_column_1_1 1_1 fusion-flex-column\" style=\"--awb-bg-size:cover;--awb-width-large:100%;--awb-margin-top-large:0px;--awb-spacing-right-large:1.92%;--awb-margin-bottom-large:0px;--awb-spacing-left-large:1.92%;--awb-width-medium:100%;--awb-spacing-right-medium:1.92%;--awb-spacing-left-medium:1.92%;--awb-width-small:100%;--awb-spacing-right-small:1.92%;--awb-spacing-left-small:1.92%;\"><div class=\"fusion-column-wrapper fusion-flex-justify-content-flex-start fusion-content-layout-column\"><div class=\"fusion-text fusion-text-4\"><\/div>\n<\/div><\/div><\/div><\/div><\/div><\/p>\n","protected":false},"excerpt":{"rendered":"","protected":false},"author":1,"featured_media":0,"parent":0,"menu_order":0,"comment_status":"open","ping_status":"open","template":"","meta":{"_seopress_robots_primary_cat":"","_seopress_titles_title":"","_seopress_titles_desc":"","_seopress_robots_index":"","footnotes":""},"class_list":["post-230","page","type-page","status-publish","hentry"],"_links":{"self":[{"href":"https:\/\/pes-hautesalpes.fr\/gap\/wp-json\/wp\/v2\/pages\/230","targetHints":{"allow":["GET"]}}],"collection":[{"href":"https:\/\/pes-hautesalpes.fr\/gap\/wp-json\/wp\/v2\/pages"}],"about":[{"href":"https:\/\/pes-hautesalpes.fr\/gap\/wp-json\/wp\/v2\/types\/page"}],"author":[{"embeddable":true,"href":"https:\/\/pes-hautesalpes.fr\/gap\/wp-json\/wp\/v2\/users\/1"}],"replies":[{"embeddable":true,"href":"https:\/\/pes-hautesalpes.fr\/gap\/wp-json\/wp\/v2\/comments?post=230"}],"version-history":[{"count":4,"href":"https:\/\/pes-hautesalpes.fr\/gap\/wp-json\/wp\/v2\/pages\/230\/revisions"}],"predecessor-version":[{"id":1659,"href":"https:\/\/pes-hautesalpes.fr\/gap\/wp-json\/wp\/v2\/pages\/230\/revisions\/1659"}],"wp:attachment":[{"href":"https:\/\/pes-hautesalpes.fr\/gap\/wp-json\/wp\/v2\/media?parent=230"}],"curies":[{"name":"wp","href":"https:\/\/api.w.org\/{rel}","templated":true}]}}