{"id":176,"date":"2013-05-01T00:48:20","date_gmt":"2013-04-30T23:48:20","guid":{"rendered":"https:\/\/localhost:8888\/?page_id=176"},"modified":"2024-04-01T16:41:31","modified_gmt":"2024-04-01T14:41:31","slug":"osteopathe-gap","status":"publish","type":"page","link":"https:\/\/pes-hautesalpes.fr\/gap\/osteopathe-gap\/","title":{"rendered":"Ost\u00e9opathe Gap"},"content":{"rendered":"<div class=\"fusion-fullwidth fullwidth-box fusion-builder-row-1 nonhundred-percent-fullwidth non-hundred-percent-height-scrolling\" style=\"--awb-border-radius-top-left:0px;--awb-border-radius-top-right:0px;--awb-border-radius-bottom-right:0px;--awb-border-radius-bottom-left:0px;--awb-flex-wrap:wrap;\" ><div class=\"fusion-builder-row fusion-row\"><div class=\"fusion-layout-column fusion_builder_column fusion-builder-column-0 fusion_builder_column_1_1 1_1 fusion-one-full fusion-column-first fusion-column-last\" style=\"--awb-bg-size:cover;\"><div class=\"fusion-column-wrapper fusion-flex-column-wrapper-legacy\"><div class=\"fusion-title title fusion-title-1 fusion-title-center fusion-title-text fusion-title-size-one\" style=\"--awb-margin-top-small:10px;--awb-margin-right-small:0px;--awb-margin-bottom-small:10px;--awb-margin-left-small:0px;\"><div class=\"title-sep-container title-sep-container-left\"><div class=\"title-sep sep-double sep-solid\" style=\"border-color:#e0dede;\"><\/div><\/div><span class=\"awb-title-spacer\"><\/span><h1 class=\"fusion-title-heading title-heading-center fusion-responsive-typography-calculated\" style=\"margin:0;--fontSize:34;line-height:1.41;\">Ost\u00e9opathe Gap<\/h1><span class=\"awb-title-spacer\"><\/span><div class=\"title-sep-container title-sep-container-right\"><div class=\"title-sep sep-double sep-solid\" style=\"border-color:#e0dede;\"><\/div><\/div><\/div><div class=\"fusion-person person fusion-person-left fusion-person-1 fusion-person-icon-top\" style=\"--awb-pic-style-color:#000000;--awb-pic-borderradius:0px;--awb-margin-top:0px;--awb-margin-right:0px;--awb-margin-bottom:0px;--awb-margin-left:0px;--awb-social-box-border-top:0px;--awb-social-box-border-right:0px;--awb-social-box-border-bottom:0px;--awb-social-box-border-left:0px;--awb-social-box-border-color:var(--awb-color3);--awb-social-box-border-color-hover:var(--awb-color4);--awb-social-box-colors-hover:rgba(232,232,232,0.8);--awb-social-icon-boxed-colors:#e8e8e8;--awb-social-icon-colors:#82c9f0;--awb-social-icon-colors-hover:rgba(130,201,240,0.8);\"><div class=\"person-desc\"><div class=\"person-author\"><div class=\"person-author-wrapper\"><span class=\"person-name\">Maxime Auger<\/span><span class=\"person-title\">Ost\u00e9opathe D.O. | Praticien en M\u00e9decine Chinoise<\/span><\/div><div class=\"fusion-social-networks\"><div class=\"fusion-social-networks-wrapper\"><a class=\"fusion-social-network-icon fusion-tooltip fusion-facebook awb-icon-facebook custom\" aria-label=\"fusion-facebook\" href=\"https:\/\/www.facebook.com\/pes.gaillard\/\" target=\"_blank\" rel=\"noopener noreferrer\" style=\"color:#82c9f0;font-size:16px;\" data-placement=\"top\" data-title=\"Facebook\" title=\"Facebook\" data-toggle=\"tooltip\"><\/a><a class=\"fusion-social-network-icon fusion-tooltip fusion-twitter awb-icon-twitter custom\" aria-label=\"fusion-twitter\" href=\"https:\/\/twitter.com\/PesFrance\" target=\"_blank\" rel=\"noopener noreferrer\" style=\"color:#82c9f0;font-size:16px;\" data-placement=\"top\" data-title=\"Twitter\" title=\"Twitter\" data-toggle=\"tooltip\"><\/a><\/div><\/div><\/div><div class=\"person-content fusion-clearfix\"><\/div><\/div><\/div><div class=\"fusion-text fusion-text-1\"><p style=\"text-align: justify;\">Maxime Auger pratique en tant qu&rsquo;ost\u00e9opathe \u00e0 Gap, o\u00f9 il a obtenu son dipl\u00f4me d&rsquo;Ost\u00e9opathe DO de l&rsquo;ISOSTEO Lyon. Depuis 2013, il consacre son \u00e9nergie \u00e0 promouvoir la sant\u00e9 et le bien-\u00eatre. Sa sp\u00e9cialisation en ost\u00e9opathie \u00e0 Gap se traduit par des soins individualis\u00e9s et de qualit\u00e9 pour ses patients. Sa formation approfondie de cinq ans \u00e0 temps plein \u00e0 l&rsquo;ISOSTEO Lyon lui a permis de ma\u00eetriser diverses techniques ost\u00e9opathiques, notamment les manipulations articulaires douces, les techniques de lib\u00e9ration des fascias et les approches visc\u00e9rales et cr\u00e2niennes. Cette formation intensive a enrichi sa compr\u00e9hension de la philosophie holistique de l&rsquo;ost\u00e9opathie, en mettant en lumi\u00e8re les m\u00e9canismes d&rsquo;auto-gu\u00e9rison du corps.<\/p>\n<p style=\"text-align: justify;\">Forte de sa vaste exp\u00e9rience clinique en tant qu&rsquo;ost\u00e9opathe dans ses cabinets, Maxime met \u00e0 profit ses comp\u00e9tences et son expertise pour aider ses patients \u00e0 retrouver un bien-\u00eatre optimal. Sa client\u00e8le vari\u00e9e, allant des nourrissons aux personnes \u00e2g\u00e9es, en passant par les sportifs et les femmes enceintes, lui a permis de d\u00e9velopper une solide expertise dans le traitement d&rsquo;une multitude d&rsquo;affections physiques et \u00e9motionnelles, ainsi que dans la gestion des douleurs chroniques, adapt\u00e9es \u00e0 chaque cas.<\/p>\n<p style=\"text-align: justify;\">Anim\u00e9 par sa passion pour son m\u00e9tier, Maxime s&rsquo;engage \u00e0 fournir des soins de haute qualit\u00e9 \u00e0 ses patients. Qu&rsquo;il s&rsquo;agisse de douleurs articulaires, musculaires, de maux de dos, de stress ou d&rsquo;autres probl\u00e8mes de sant\u00e9, il offre un accompagnement personnalis\u00e9 pour favoriser la gu\u00e9rison. Si vous recherchez une approche douce et holistique \u00e0 Gap, Maxime Auger est l\u00e0 pour vous aider. N&rsquo;h\u00e9sitez pas \u00e0 le contacter pour prendre rendez-vous ou pour toute question, et d\u00e9couvrez les bienfaits de l&rsquo;ost\u00e9opathie pour votre sant\u00e9 et votre bien-\u00eatre.<\/p>\n<\/div><div class=\"fusion-sep-clear\"><\/div><div class=\"fusion-separator fusion-full-width-sep\" style=\"margin-left: auto;margin-right: auto;margin-top:20px;margin-bottom:20px;width:100%;\"><div class=\"fusion-separator-border sep-shadow\" style=\"--awb-height:20px;--awb-amount:20px;background:radial-gradient(ellipse at 50% -50% , #e0dede 0px, rgba(255, 255, 255, 0) 80%) repeat scroll 0 0 rgba(0, 0, 0, 0);background:-webkit-radial-gradient(ellipse at 50% -50% , #e0dede 0px, rgba(255, 255, 255, 0) 80%) repeat scroll 0 0 rgba(0, 0, 0, 0);background:-moz-radial-gradient(ellipse at 50% -50% , #e0dede 0px, rgba(255, 255, 255, 0) 80%) repeat scroll 0 0 rgba(0, 0, 0, 0);background:-o-radial-gradient(ellipse at 50% -50% , #e0dede 0px, rgba(255, 255, 255, 0) 80%) repeat scroll 0 0 rgba(0, 0, 0, 0);\"><\/div><\/div><div class=\"fusion-sep-clear\"><\/div><div class=\"fusion-title title fusion-title-2 fusion-sep-none fusion-title-text fusion-title-size-two\" style=\"--awb-margin-top-small:10px;--awb-margin-right-small:0px;--awb-margin-bottom-small:10px;--awb-margin-left-small:0px;\"><h2 class=\"fusion-title-heading title-heading-left fusion-responsive-typography-calculated\" style=\"margin:0;--fontSize:28;line-height:1.5;\"><p style=\"text-align: left;\">Etablissement de formation<\/p><\/h2><\/div><div class=\"fusion-clearfix\"><\/div><\/div><\/div><div class=\"fusion-layout-column fusion_builder_column fusion-builder-column-1 fusion_builder_column_1_1 1_1 fusion-one-full fusion-column-first fusion-column-last\" style=\"--awb-bg-size:cover;\"><div class=\"fusion-column-wrapper fusion-flex-column-wrapper-legacy\"><div class=\"fusion-text fusion-text-2\"><p style=\"text-align: justify;\"><img decoding=\"async\" class=\"alignleft wp-image-1525\" src=\"https:\/\/pes-hautesalpes.fr\/gap\/wp-content\/uploads\/sites\/4\/2019\/01\/logo-ISOSTEO-300x248.jpg\" alt=\"\" width=\"230\" height=\"190\" srcset=\"https:\/\/pes-hautesalpes.fr\/gap\/wp-content\/uploads\/sites\/4\/2019\/01\/logo-ISOSTEO-200x165.jpg 200w, https:\/\/pes-hautesalpes.fr\/gap\/wp-content\/uploads\/sites\/4\/2019\/01\/logo-ISOSTEO-300x248.jpg 300w, https:\/\/pes-hautesalpes.fr\/gap\/wp-content\/uploads\/sites\/4\/2019\/01\/logo-ISOSTEO-400x331.jpg 400w, https:\/\/pes-hautesalpes.fr\/gap\/wp-content\/uploads\/sites\/4\/2019\/01\/logo-ISOSTEO-600x496.jpg 600w, https:\/\/pes-hautesalpes.fr\/gap\/wp-content\/uploads\/sites\/4\/2019\/01\/logo-ISOSTEO-768x635.jpg 768w, https:\/\/pes-hautesalpes.fr\/gap\/wp-content\/uploads\/sites\/4\/2019\/01\/logo-ISOSTEO-800x662.jpg 800w, https:\/\/pes-hautesalpes.fr\/gap\/wp-content\/uploads\/sites\/4\/2019\/01\/logo-ISOSTEO.jpg 823w\" sizes=\"(max-width: 230px) 100vw, 230px\" \/><\/p>\n<p style=\"text-align: justify;\">L&rsquo;Institut Sup\u00e9rieur d&rsquo;Ost\u00e9opathie de Lyon (ISOSTEO Lyon) est une \u00e9cole renomm\u00e9e situ\u00e9e en r\u00e9gion Auvergne-Rh\u00f4ne-Alpes, qui se consacre \u00e0 la formation d&rsquo;ost\u00e9opathes comp\u00e9tents et professionnels. Avec une approche p\u00e9dagogique bas\u00e9e sur l&rsquo;excellence et une attention particuli\u00e8re port\u00e9e \u00e0 la pratique clinique, ISOSTEO Lyon est reconnue pour son programme de formation complet et rigoureux. Le cursus de cinq ann\u00e9es propos\u00e9 par ISOSTEO Lyon comprend des enseignements th\u00e9oriques approfondis, des ateliers pratiques et des stages cliniques, permettant aux \u00e9tudiants de d\u00e9velopper les comp\u00e9tences n\u00e9cessaires pour exercer en tant qu&rsquo;ost\u00e9opathes professionnels. L&rsquo;\u00e9cole accorde une importance primordiale \u00e0 l&rsquo;\u00e9panouissement des \u00e9tudiants, en mettant \u00e0 leur disposition des installations modernes, des formateurs exp\u00e9riment\u00e9s et un environnement d&rsquo;apprentissage stimulant. ISOSTEO Lyon est \u00e9galement engag\u00e9e dans la promotion de la recherche et l&rsquo;innovation en ost\u00e9opathie. Les \u00e9tudiants ont ainsi l&rsquo;occasion de participer \u00e0 des projets de recherche et d&rsquo;\u00e9changer avec des professionnels de la sant\u00e9, enrichissant leur parcours acad\u00e9mique et leur permettant de rester \u00e0 la pointe des connaissances dans ce domaine en constante \u00e9volution.\u00a0Agr\u00e9\u00e9 par le Minist\u00e8re de la Sant\u00e9 (9 Aout 2007) et Habilit\u00e9 par le Minist\u00e8re du Travail (25 Janvier 2011) pour d\u00e9livrer le Dipl\u00f4me d&rsquo;Ost\u00e9opathe (D.O) certifi\u00e9 RNCP Niveau I Grade de Master (Bac+5)<\/p>\n<\/div><div class=\"fusion-clearfix\"><\/div><\/div><\/div><\/div><\/div>\n","protected":false},"excerpt":{"rendered":"","protected":false},"author":1,"featured_media":0,"parent":0,"menu_order":0,"comment_status":"closed","ping_status":"closed","template":"","meta":{"_seopress_robots_primary_cat":"","_seopress_titles_title":"","_seopress_titles_desc":"","_seopress_robots_index":"","footnotes":""},"class_list":["post-176","page","type-page","status-publish","hentry"],"_links":{"self":[{"href":"https:\/\/pes-hautesalpes.fr\/gap\/wp-json\/wp\/v2\/pages\/176","targetHints":{"allow":["GET"]}}],"collection":[{"href":"https:\/\/pes-hautesalpes.fr\/gap\/wp-json\/wp\/v2\/pages"}],"about":[{"href":"https:\/\/pes-hautesalpes.fr\/gap\/wp-json\/wp\/v2\/types\/page"}],"author":[{"embeddable":true,"href":"https:\/\/pes-hautesalpes.fr\/gap\/wp-json\/wp\/v2\/users\/1"}],"replies":[{"embeddable":true,"href":"https:\/\/pes-hautesalpes.fr\/gap\/wp-json\/wp\/v2\/comments?post=176"}],"version-history":[{"count":12,"href":"https:\/\/pes-hautesalpes.fr\/gap\/wp-json\/wp\/v2\/pages\/176\/revisions"}],"predecessor-version":[{"id":1662,"href":"https:\/\/pes-hautesalpes.fr\/gap\/wp-json\/wp\/v2\/pages\/176\/revisions\/1662"}],"wp:attachment":[{"href":"https:\/\/pes-hautesalpes.fr\/gap\/wp-json\/wp\/v2\/media?parent=176"}],"curies":[{"name":"wp","href":"https:\/\/api.w.org\/{rel}","templated":true}]}}