{"id":1668,"date":"2024-04-01T16:48:31","date_gmt":"2024-04-01T14:48:31","guid":{"rendered":"https:\/\/pes-hautesalpes.fr\/gap\/?page_id=1668"},"modified":"2024-04-01T16:49:31","modified_gmt":"2024-04-01T14:49:31","slug":"consultation-medecine-traditionnelle-chinoise","status":"publish","type":"page","link":"https:\/\/pes-hautesalpes.fr\/gap\/consultation-medecine-traditionnelle-chinoise\/","title":{"rendered":"Consultation M\u00e9decine traditionnelle chinoise"},"content":{"rendered":"<p><div class=\"fusion-fullwidth fullwidth-box fusion-builder-row-1 nonhundred-percent-fullwidth non-hundred-percent-height-scrolling\" style=\"--awb-border-radius-top-left:0px;--awb-border-radius-top-right:0px;--awb-border-radius-bottom-right:0px;--awb-border-radius-bottom-left:0px;--awb-flex-wrap:wrap;\" ><div class=\"fusion-builder-row fusion-row\"><div class=\"fusion-layout-column fusion_builder_column fusion-builder-column-0 fusion_builder_column_1_1 1_1 fusion-one-full fusion-column-first fusion-column-last\" style=\"--awb-bg-size:cover;\"><div class=\"fusion-column-wrapper fusion-flex-column-wrapper-legacy\"><div class=\"fusion-title title fusion-title-1 fusion-title-center fusion-title-text fusion-title-size-one\" style=\"--awb-margin-top-small:10px;--awb-margin-right-small:0px;--awb-margin-bottom-small:10px;--awb-margin-left-small:0px;\"><div class=\"title-sep-container title-sep-container-left\"><div class=\"title-sep sep-double sep-solid\" style=\"border-color:#e0dede;\"><\/div><\/div><span class=\"awb-title-spacer\"><\/span><h1 class=\"fusion-title-heading title-heading-center fusion-responsive-typography-calculated\" style=\"margin:0;--fontSize:34;line-height:1.41;\">La Consultation en Energ\u00e9tique Chinoise<\/h1><span class=\"awb-title-spacer\"><\/span><div class=\"title-sep-container title-sep-container-right\"><div class=\"title-sep sep-double sep-solid\" style=\"border-color:#e0dede;\"><\/div><\/div><\/div><div class=\"fusion-text fusion-text-1\"><p style=\"text-align: justify;\">D\u00e9couvrez une approche de soin mill\u00e9naire au c\u0153ur de la M\u00e9decine Traditionnelle Chinoise (MTC). Lors d&rsquo;une s\u00e9ance de MTC, vous entrez dans un monde de bien-\u00eatre o\u00f9 l&rsquo;harmonie entre le corps, l&rsquo;esprit et l&rsquo;\u00e9nergie vitale est restaur\u00e9e gr\u00e2ce \u00e0 des techniques \u00e9prouv\u00e9es depuis des si\u00e8cles.<\/p>\n<h3 style=\"text-align: justify;\"><b>L\u2019entretien :<\/b><\/h3>\n<p style=\"text-align: justify;\">Une s\u00e9ance de MTC commence par un entretien approfondi avec votre praticien. Au cours de cette discussion, vous partagez vos ant\u00e9c\u00e9dents m\u00e9dicaux, vos habitudes de vie et les sympt\u00f4mes que vous ressentez. Cette \u00e9tape est cruciale pour comprendre votre situation dans sa globalit\u00e9 et personnaliser votre traitement.<\/p>\n<h3 style=\"text-align: justify;\"><b>La phase de tests :<span class=\"Apple-converted-space\">\u00a0<\/span><\/b><\/h3>\n<p style=\"text-align: justify;\">Votre praticien proc\u00e8de \u00e0 un examen physique d\u00e9taill\u00e9.<span class=\"Apple-converted-space\">\u00a0<\/span><\/p>\n<ul style=\"text-align: justify;\">\n<li>Votre posture<\/li>\n<li>Palpation des pouls Chinois<\/li>\n<li>Examen de la langue<span class=\"Apple-converted-space\">\u00a0<\/span><\/li>\n<li>Palpation abdominale, des diff\u00e9rents m\u00e9ridiens et d&rsquo;autres signes physiques pour identifier les d\u00e9s\u00e9quilibres \u00e9nerg\u00e9tiques qui pourraient \u00eatre \u00e0 l&rsquo;origine de vos sympt\u00f4mes.<\/li>\n<\/ul>\n<h3 style=\"text-align: justify;\"><b>La phase de traitement :<span class=\"Apple-converted-space\">\u00a0<\/span><\/b><\/h3>\n<p style=\"text-align: justify;\">Une fois l&rsquo;\u00e9valuation termin\u00e9e, votre praticien choisit les meilleures techniques de MTC pour vous aider \u00e0 retrouver l&rsquo;harmonie. Bien que l&rsquo;acupuncture soit une pratique embl\u00e9matique de la MTC, d&rsquo;autres m\u00e9thodes tout aussi efficaces sont utilis\u00e9es au cabinet.<span class=\"Apple-converted-space\">\u00a0<\/span><\/p>\n<ul style=\"text-align: justify;\">\n<li><b>Digipuncture<\/b> : Technique non invasive et sans effets secondaires ind\u00e9sirables, ce qui en fait une option th\u00e9rapeutique s\u00fbre et accessible pour un large \u00e9ventail de personnes, y compris les enfants et les personnes \u00e2g\u00e9es.<\/li>\n<li><b>Les techniques de R\u00e9sonances Vibratoires.<\/b><\/li>\n<li><b>La Moxibustion : <\/b>consiste \u00e0 appliquer de la chaleur, via un b\u00e2ton d\u2019armoise, sur certains points d&rsquo;acupuncture pour stimuler la circulation \u00e9nerg\u00e9tique.<span class=\"Apple-converted-space\">\u00a0<\/span><\/li>\n<li><b>Le Tui Na <\/b>est \u00e9galement souvent utilis\u00e9 pour d\u00e9tendre les muscles tendus et am\u00e9liorer la circulation \u00e9nerg\u00e9tique.<span class=\"Apple-converted-space\">\u00a0<\/span><\/li>\n<li><b>Les ventouses ou Gua Sha<\/b> peuvent \u00eatre appliqu\u00e9es pour favoriser la circulation sanguine et soulager la douleur.<\/li>\n<\/ul>\n<p style=\"text-align: justify;\">Pendant la s\u00e9ance, vous pouvez ressentir une profonde d\u00e9tente et un soulagement des sympt\u00f4mes alors que l&rsquo;\u00e9nergie circule librement dans votre corps. Si n\u00e9cessaire, des manipulations ost\u00e9opathiques pr\u00e9cises et douces s\u2019int\u00e8grent de mani\u00e8re fluide au traitement. Lib\u00e9rant ainsi les restrictions de mobilit\u00e9, rel\u00e2chant les tensions musculaires et r\u00e9tablissant l\u2019alignement structurel. Ce processus favorise une circulation optimale de l\u2019\u00e9nergie, cr\u00e9ant ainsi un pont naturel vers la dimension \u00e9nerg\u00e9tique.<\/p>\n<h3 style=\"text-align: justify;\"><b>Les conseils et exercices :<\/b><\/h3>\n<p style=\"text-align: justify;\">Apr\u00e8s le traitement, votre praticien vous prodiguera des conseils personnalis\u00e9s pour soutenir votre bien-\u00eatre entre les s\u00e9ances. Cela peut inclure des recommandations en mati\u00e8re de nutrition, d&rsquo;exercice, de gestion du stress et de techniques d\u2019auto-soin. L\u2019utilisation et les recommandations de certaines huiles essentielles peuvent enrichir votre suivi, offrant ainsi la possibilit\u00e9 d&rsquo;\u00e9tendre les soins \u00e0 votre domicile.<\/p>\n<p style=\"text-align: justify;\">Au P\u00f4le Equilibre &amp; Sant\u00e9de Gap, nous nous engageons \u00e0 offrir des soins de qualit\u00e9 \u00e0 nos patients en combinant tradition et innovation dans le domaine de la M\u00e9decine Traditionnelle Chinoise. Que vous cherchiez \u00e0 soulager la douleur, \u00e0 g\u00e9rer le stress ou \u00e0 am\u00e9liorer votre sant\u00e9 g\u00e9n\u00e9rale, nous sommes l\u00e0 pour vous accompagner en douceur.<\/p>\n<\/div><div class=\"fusion-title title fusion-title-2 fusion-title-center fusion-title-text fusion-title-size-one\" style=\"--awb-margin-top-small:10px;--awb-margin-right-small:0px;--awb-margin-bottom-small:10px;--awb-margin-left-small:0px;\"><div class=\"title-sep-container title-sep-container-left\"><div class=\"title-sep sep-double sep-solid\" style=\"border-color:#e0dede;\"><\/div><\/div><span class=\"awb-title-spacer\"><\/span><h1 class=\"fusion-title-heading title-heading-center fusion-responsive-typography-calculated\" style=\"margin:0;--fontSize:34;line-height:1.41;\">Honoraires \/ Remboursement<\/h1><span class=\"awb-title-spacer\"><\/span><div class=\"title-sep-container title-sep-container-right\"><div class=\"title-sep sep-double sep-solid\" style=\"border-color:#e0dede;\"><\/div><\/div><\/div><div class=\"fusion-text fusion-text-2\"><div class=\"fusion-text fusion-text-2\"><\/div>\n<div class=\"post-content\">\n<p>Consultation\u00a0<strong>au cabinet<\/strong>\u00a0: <strong>60\u20ac<\/strong><\/p>\n<p><em>Les soins ost\u00e9opathiques sont rembours\u00e9s par de nombreuses mutuelles. Renseignez\u00a0vous aupr\u00e8s de la v\u00f4tre (voir liste ci-dessous).<\/em><\/p>\n<p>Liste de mutuelles remboursant l\u2019Ost\u00e9opathie :\u00a0<\/p>\n<\/div><div class=\"fusion-button-wrapper fusion-aligncenter\"><a class=\"fusion-button button-flat fusion-button-default-size button-default fusion-button-default button-1 fusion-button-default-span fusion-button-default-type\" target=\"_blank\" rel=\"noopener noreferrer\" href=\"https:\/\/www.osteopathe-syndicat.fr\/mutuelle-osteopathie\"><i class=\" fa fa-info awb-button__icon awb-button__icon--default button-icon-left\" aria-hidden=\"true\"><\/i><span class=\"fusion-button-text awb-button__text awb-button__text--default\">Consulter les mutuelles<\/span><\/a><\/div><div class=\"fusion-clearfix\"><\/div><\/div><\/div><\/div><\/div><div class=\"fusion-fullwidth fullwidth-box fusion-builder-row-2 fusion-flex-container nonhundred-percent-fullwidth non-hundred-percent-height-scrolling\" style=\"--awb-border-radius-top-left:0px;--awb-border-radius-top-right:0px;--awb-border-radius-bottom-right:0px;--awb-border-radius-bottom-left:0px;--awb-flex-wrap:wrap;\" ><div class=\"fusion-builder-row fusion-row fusion-flex-align-items-flex-start fusion-flex-content-wrap\" style=\"max-width:1144px;margin-left: calc(-4% \/ 2 );margin-right: calc(-4% \/ 2 );\"><div class=\"fusion-layout-column fusion_builder_column fusion-builder-column-1 fusion_builder_column_1_1 1_1 fusion-flex-column\" style=\"--awb-bg-size:cover;--awb-width-large:100%;--awb-margin-top-large:0px;--awb-spacing-right-large:1.92%;--awb-margin-bottom-large:0px;--awb-spacing-left-large:1.92%;--awb-width-medium:100%;--awb-spacing-right-medium:1.92%;--awb-spacing-left-medium:1.92%;--awb-width-small:100%;--awb-spacing-right-small:1.92%;--awb-spacing-left-small:1.92%;\"><div class=\"fusion-column-wrapper fusion-flex-justify-content-flex-start fusion-content-layout-column\"><div class=\"fusion-text fusion-text-4\"><\/div>\n<\/div><\/div><\/div><\/div><\/div><\/p>\n","protected":false},"excerpt":{"rendered":"","protected":false},"author":1,"featured_media":0,"parent":0,"menu_order":0,"comment_status":"closed","ping_status":"closed","template":"","meta":{"_seopress_robots_primary_cat":"","_seopress_titles_title":"","_seopress_titles_desc":"","_seopress_robots_index":"","footnotes":""},"class_list":["post-1668","page","type-page","status-publish","hentry"],"_links":{"self":[{"href":"https:\/\/pes-hautesalpes.fr\/gap\/wp-json\/wp\/v2\/pages\/1668","targetHints":{"allow":["GET"]}}],"collection":[{"href":"https:\/\/pes-hautesalpes.fr\/gap\/wp-json\/wp\/v2\/pages"}],"about":[{"href":"https:\/\/pes-hautesalpes.fr\/gap\/wp-json\/wp\/v2\/types\/page"}],"author":[{"embeddable":true,"href":"https:\/\/pes-hautesalpes.fr\/gap\/wp-json\/wp\/v2\/users\/1"}],"replies":[{"embeddable":true,"href":"https:\/\/pes-hautesalpes.fr\/gap\/wp-json\/wp\/v2\/comments?post=1668"}],"version-history":[{"count":2,"href":"https:\/\/pes-hautesalpes.fr\/gap\/wp-json\/wp\/v2\/pages\/1668\/revisions"}],"predecessor-version":[{"id":1670,"href":"https:\/\/pes-hautesalpes.fr\/gap\/wp-json\/wp\/v2\/pages\/1668\/revisions\/1670"}],"wp:attachment":[{"href":"https:\/\/pes-hautesalpes.fr\/gap\/wp-json\/wp\/v2\/media?parent=1668"}],"curies":[{"name":"wp","href":"https:\/\/api.w.org\/{rel}","templated":true}]}}