{"id":1660,"date":"2024-04-01T16:41:07","date_gmt":"2024-04-01T14:41:07","guid":{"rendered":"https:\/\/pes-hautesalpes.fr\/gap\/?page_id=1660"},"modified":"2024-04-01T16:41:07","modified_gmt":"2024-04-01T14:41:07","slug":"therapeute-medecine-traditionnelle-chinoise","status":"publish","type":"page","link":"https:\/\/pes-hautesalpes.fr\/gap\/therapeute-medecine-traditionnelle-chinoise\/","title":{"rendered":"Th\u00e9rapeute m\u00e9decine traditionnelle chinoise"},"content":{"rendered":"<div class=\"fusion-fullwidth fullwidth-box fusion-builder-row-1 nonhundred-percent-fullwidth non-hundred-percent-height-scrolling\" style=\"--awb-border-radius-top-left:0px;--awb-border-radius-top-right:0px;--awb-border-radius-bottom-right:0px;--awb-border-radius-bottom-left:0px;--awb-flex-wrap:wrap;\" ><div class=\"fusion-builder-row fusion-row\"><div class=\"fusion-layout-column fusion_builder_column fusion-builder-column-0 fusion_builder_column_1_1 1_1 fusion-one-full fusion-column-first fusion-column-last\" style=\"--awb-bg-size:cover;\"><div class=\"fusion-column-wrapper fusion-flex-column-wrapper-legacy\"><div class=\"fusion-title title fusion-title-1 fusion-title-center fusion-title-text fusion-title-size-one\" style=\"--awb-margin-top-small:10px;--awb-margin-right-small:0px;--awb-margin-bottom-small:10px;--awb-margin-left-small:0px;\"><div class=\"title-sep-container title-sep-container-left\"><div class=\"title-sep sep-double sep-solid\" style=\"border-color:#e0dede;\"><\/div><\/div><span class=\"awb-title-spacer\"><\/span><h1 class=\"fusion-title-heading title-heading-center fusion-responsive-typography-calculated\" style=\"margin:0;--fontSize:34;line-height:1.41;\">Th\u00e9rapeute en MTC Gap<\/h1><span class=\"awb-title-spacer\"><\/span><div class=\"title-sep-container title-sep-container-right\"><div class=\"title-sep sep-double sep-solid\" style=\"border-color:#e0dede;\"><\/div><\/div><\/div><div class=\"fusion-person person fusion-person-left fusion-person-1 fusion-person-icon-top\" style=\"--awb-pic-style-color:#000000;--awb-pic-borderradius:0px;--awb-margin-top:0px;--awb-margin-right:0px;--awb-margin-bottom:0px;--awb-margin-left:0px;--awb-social-box-border-top:0px;--awb-social-box-border-right:0px;--awb-social-box-border-bottom:0px;--awb-social-box-border-left:0px;--awb-social-box-border-color:var(--awb-color3);--awb-social-box-border-color-hover:var(--awb-color4);--awb-social-box-colors-hover:rgba(232,232,232,0.8);--awb-social-icon-boxed-colors:#e8e8e8;--awb-social-icon-colors:#82c9f0;--awb-social-icon-colors-hover:rgba(130,201,240,0.8);\"><div class=\"person-desc\"><div class=\"person-author\"><div class=\"person-author-wrapper\"><span class=\"person-name\">Maxime Auger<\/span><span class=\"person-title\">Ost\u00e9opathe D.O. | Praticien en M\u00e9decine Chinoise<\/span><\/div><div class=\"fusion-social-networks\"><div class=\"fusion-social-networks-wrapper\"><a class=\"fusion-social-network-icon fusion-tooltip fusion-facebook awb-icon-facebook custom\" aria-label=\"fusion-facebook\" href=\"https:\/\/www.facebook.com\/pes.gaillard\/\" target=\"_blank\" rel=\"noopener noreferrer\" style=\"color:#82c9f0;font-size:16px;\" data-placement=\"top\" data-title=\"Facebook\" title=\"Facebook\" data-toggle=\"tooltip\"><\/a><a class=\"fusion-social-network-icon fusion-tooltip fusion-twitter awb-icon-twitter custom\" aria-label=\"fusion-twitter\" href=\"https:\/\/twitter.com\/PesFrance\" target=\"_blank\" rel=\"noopener noreferrer\" style=\"color:#82c9f0;font-size:16px;\" data-placement=\"top\" data-title=\"Twitter\" title=\"Twitter\" data-toggle=\"tooltip\"><\/a><\/div><\/div><\/div><div class=\"person-content fusion-clearfix\"><\/div><\/div><\/div><div class=\"fusion-text fusion-text-1\"><p style=\"text-align: justify;\">Maxime Auger, votre th\u00e9rapeute en M\u00e9decine Traditionnelle Chinoise \u00e0 Gap, a suivi sa formation \u00e0 la SFERE d\u2019Aix-en-Provence et pratique avec passion les soins de sant\u00e9 et le bien-\u00eatre depuis 2013. En tant que sp\u00e9cialiste en MTC \u00e0 Gap, il s&rsquo;efforce de fournir des soins personnalis\u00e9s et de haute qualit\u00e9 \u00e0 chacun de ses patients.<\/p>\n<p style=\"text-align: justify;\">Maxime Auger a suivi une formation sp\u00e9cifique \u00e0 la SFERE d\u2019Aix-en-Provence. Cette formation, cr\u00e9\u00e9e sp\u00e9cialement pour les ost\u00e9opathes, lui a permis d\u2019int\u00e9grer directement l\u2019aspect \u00e9nerg\u00e9tique \u00e0 ses traitements pour une meilleure compr\u00e9hension holistique de la prise en charge d\u2019un patient.<\/p>\n<p style=\"text-align: justify;\">Ce cursus de deux ans \u00e0 la SFERE a confirm\u00e9 sa passion pour la prise en charge \u00e9nerg\u00e9tique.<span class=\"Apple-converted-space\">\u00a0<\/span><\/p>\n<p style=\"text-align: justify;\">Par la suite, il a poursuivi un ensemble tr\u00e8s complet de post-gradu\u00e9s au sein de la SFERE, se sp\u00e9cialisant dans des domaines tels que l\u2019embryologie, la pharmacop\u00e9e chinoise, le Feng-Shui, et la sinologie des points d\u2019acupuncture, sur une p\u00e9riode d&rsquo;environ trois ans.<\/p>\n<p style=\"text-align: justify;\">En tant que praticien en \u00c9nerg\u00e9tique Chinoise et Ost\u00e9opathe, Maxime adopte une approche respectueuse et personnalis\u00e9e, se concentrant sur l\u2019harmonie et l\u2019\u00e9quilibre de chaque patient. Il s\u2019attache \u00e0 comprendre les besoins uniques, l\u2019histoire et les ant\u00e9c\u00e9dents de chacun, int\u00e9grant des techniques \u00e9nerg\u00e9tiques et ost\u00e9opathiques pour atteindre un \u00e9quilibre optimal.<span class=\"Apple-converted-space\">\u00a0<\/span><\/p>\n<p style=\"text-align: justify;\">Passionn\u00e9 par la recherche de solutions holistiques, votre th\u00e9rapeute en MTC \u00e0 Gap vise \u00e0 promouvoir l\u2019harmonie \u00e0 tous les niveaux : physique, psychique et \u00e9nerg\u00e9tique. Il s&rsquo;investit, tant dans une approche pr\u00e9ventive que curative, pour permettre \u00e0 ses patients de retrouver le bien-\u00eatre, soulager la douleur et am\u00e9liorer leur qualit\u00e9 de vie, en identifiant et en traitant les causes profondes de leurs probl\u00e8mes de sant\u00e9.<\/p>\n<p style=\"text-align: justify;\">Pour prendre rendez-vous ou pour toute question, n\u2019h\u00e9sitez pas \u00e0 le\u00a0<a href=\"https:\/\/pes-hautesalpes.fr\/gap\/contact\/\">contacter<\/a>.<\/p>\n<\/div><div class=\"fusion-sep-clear\"><\/div><div class=\"fusion-separator fusion-full-width-sep\" style=\"margin-left: auto;margin-right: auto;margin-top:20px;margin-bottom:20px;width:100%;\"><div class=\"fusion-separator-border sep-shadow\" style=\"--awb-height:20px;--awb-amount:20px;background:radial-gradient(ellipse at 50% -50% , #e0dede 0px, rgba(255, 255, 255, 0) 80%) repeat scroll 0 0 rgba(0, 0, 0, 0);background:-webkit-radial-gradient(ellipse at 50% -50% , #e0dede 0px, rgba(255, 255, 255, 0) 80%) repeat scroll 0 0 rgba(0, 0, 0, 0);background:-moz-radial-gradient(ellipse at 50% -50% , #e0dede 0px, rgba(255, 255, 255, 0) 80%) repeat scroll 0 0 rgba(0, 0, 0, 0);background:-o-radial-gradient(ellipse at 50% -50% , #e0dede 0px, rgba(255, 255, 255, 0) 80%) repeat scroll 0 0 rgba(0, 0, 0, 0);\"><\/div><\/div><div class=\"fusion-sep-clear\"><\/div><div class=\"fusion-title title fusion-title-2 fusion-sep-none fusion-title-text fusion-title-size-two\" style=\"--awb-margin-top-small:10px;--awb-margin-right-small:0px;--awb-margin-bottom-small:10px;--awb-margin-left-small:0px;\"><h2 class=\"fusion-title-heading title-heading-left fusion-responsive-typography-calculated\" style=\"margin:0;--fontSize:28;line-height:1.5;\"><p style=\"text-align: left;\">Etablissement de formation<\/p><\/h2><\/div><div class=\"fusion-clearfix\"><\/div><\/div><\/div><div class=\"fusion-layout-column fusion_builder_column fusion-builder-column-1 fusion_builder_column_1_1 1_1 fusion-one-full fusion-column-first fusion-column-last\" style=\"--awb-bg-size:cover;\"><div class=\"fusion-column-wrapper fusion-flex-column-wrapper-legacy\"><div class=\"fusion-text fusion-text-2\"><p style=\"text-align: justify;\"><a href=\"https:\/\/www.sferemtc.fr\"><img decoding=\"async\" class=\"alignleft wp-image-1611\" src=\"https:\/\/pes-hautesalpes.fr\/gap\/wp-content\/uploads\/sites\/4\/2024\/01\/logo-ok.png\" alt=\"\" width=\"141\" height=\"176\" \/><\/a><\/p>\n<p style=\"text-align: justify;\">La Soci\u00e9t\u00e9 Fran\u00e7aise d&rsquo;\u00c9tudes et de Recherches en \u00c9nerg\u00e9tique (SFERE) est un institut d&rsquo;enseignement sp\u00e9cialis\u00e9 en \u00c9nerg\u00e9tique Traditionnelle Chinoise, bas\u00e9 \u00e0 Aix-en-Provence, France. Fond\u00e9e il y a plus de quatre d\u00e9cennies, SFERE se consacre \u00e0 la formation des praticiens dans ce domaine ancestral. En alliant tradition et recherche moderne, le coll\u00e8ge offre un programme d&rsquo;\u00e9tude approfondi qui englobe divers aspects de l&rsquo;\u00e9nerg\u00e9tique chinoise, allant de la th\u00e9orie fondamentale aux applications pratiques. Les formateurs de SFERE sont des experts avec une vaste exp\u00e9rience pratique, assurant une formation de qualit\u00e9 sup\u00e9rieure. Ce programme est destin\u00e9 non seulement aux professionnels souhaitant se sp\u00e9cialiser dans l&rsquo;\u00e9nerg\u00e9tique chinoise, mais \u00e9galement \u00e0 ceux qui d\u00e9sirent approfondir leur compr\u00e9hension et leurs comp\u00e9tences dans ce domaine. En plus de ses programmes \u00e9ducatifs, SFERE contribue \u00e0 la recherche et au d\u00e9veloppement dans le domaine de l&rsquo;\u00e9nerg\u00e9tique traditionnelle chinoise. Ils offrent une exp\u00e9rience d&rsquo;apprentissage unique, int\u00e9grant des pratiques ancestrales avec des connaissances scientifiques actuelles.<\/p>\n<\/div><div class=\"fusion-clearfix\"><\/div><\/div><\/div><\/div><\/div>\n","protected":false},"excerpt":{"rendered":"","protected":false},"author":1,"featured_media":0,"parent":0,"menu_order":0,"comment_status":"closed","ping_status":"closed","template":"","meta":{"_seopress_robots_primary_cat":"","_seopress_titles_title":"","_seopress_titles_desc":"","_seopress_robots_index":"","footnotes":""},"class_list":["post-1660","page","type-page","status-publish","hentry"],"_links":{"self":[{"href":"https:\/\/pes-hautesalpes.fr\/gap\/wp-json\/wp\/v2\/pages\/1660","targetHints":{"allow":["GET"]}}],"collection":[{"href":"https:\/\/pes-hautesalpes.fr\/gap\/wp-json\/wp\/v2\/pages"}],"about":[{"href":"https:\/\/pes-hautesalpes.fr\/gap\/wp-json\/wp\/v2\/types\/page"}],"author":[{"embeddable":true,"href":"https:\/\/pes-hautesalpes.fr\/gap\/wp-json\/wp\/v2\/users\/1"}],"replies":[{"embeddable":true,"href":"https:\/\/pes-hautesalpes.fr\/gap\/wp-json\/wp\/v2\/comments?post=1660"}],"version-history":[{"count":1,"href":"https:\/\/pes-hautesalpes.fr\/gap\/wp-json\/wp\/v2\/pages\/1660\/revisions"}],"predecessor-version":[{"id":1661,"href":"https:\/\/pes-hautesalpes.fr\/gap\/wp-json\/wp\/v2\/pages\/1660\/revisions\/1661"}],"wp:attachment":[{"href":"https:\/\/pes-hautesalpes.fr\/gap\/wp-json\/wp\/v2\/media?parent=1660"}],"curies":[{"name":"wp","href":"https:\/\/api.w.org\/{rel}","templated":true}]}}